{"id":7,"date":"2023-03-20T17:18:40","date_gmt":"2023-03-20T16:18:40","guid":{"rendered":"http:\/\/chaletu.cluster031.hosting.ovh.net\/?page_id=7"},"modified":"2023-06-26T15:04:16","modified_gmt":"2023-06-26T13:04:16","slug":"beaux-portfolios-pour-des-creatifs-exceptionnels","status":"publish","type":"page","link":"https:\/\/www.chaletaupetitbonheur.com\/","title":{"rendered":"D\u00e9couvrez ce chalet pour 6 pers en pleine nature"},"content":{"rendered":"\n<p class=\"has-text-align-center\"><meta charset=\"utf-8\">Bienvenue dans notre chalet nich\u00e9 au c\u0153ur de la for\u00eat vosgienne. Il est situ\u00e9 au \u00ab\u00a0Sapenay\u00a0\u00bb, site class\u00e9 Nature 2000.<br>Immersion dans la nature, d\u00e9paysement et authenticit\u00e9 sont les ma\u00eetres mots.<br>Etang \u00e0 truites priv\u00e9, id\u00e9al pour la contemplation, une partie de p\u00eache ou encore la baignade.<br>Un ruisseau arrose les pr\u00e9s verdoyants de la vall\u00e9e puis se jette dans la cascade de Tendon \u00e0 seulement 10min \u00e0 pied.<\/p>\n\n\n\n<p class=\"has-text-align-center\"><br><strong>ICI TOUT EST NATUREL !<\/strong><\/p>\n\n\n\n<hr class=\"wp-block-separator has-alpha-channel-opacity\"\/>\n\n\n\n<div class=\"wp-block-group alignfull has-background\" style=\"background-color:#e5e9ec\"><div class=\"wp-block-group__inner-container is-layout-flow wp-block-group-is-layout-flow\">\n<div class=\"wp-block-columns is-layout-flex wp-container-core-columns-is-layout-9d6595d7 wp-block-columns-is-layout-flex\">\n<div class=\"wp-block-column is-layout-flow wp-block-column-is-layout-flow\"><\/div>\n<\/div>\n\n\n\n<figure class=\"wp-block-image alignwide size-large\"><img loading=\"lazy\" decoding=\"async\" width=\"1024\" height=\"768\" src=\"http:\/\/www.chaletaupetitbonheur.com\/wp-content\/uploads\/2023\/06\/grande-cascade-tendon-1024x768.jpg\" alt=\"\" class=\"wp-image-150\" srcset=\"https:\/\/www.chaletaupetitbonheur.com\/wp-content\/uploads\/2023\/06\/grande-cascade-tendon-1024x768.jpg 1024w, https:\/\/www.chaletaupetitbonheur.com\/wp-content\/uploads\/2023\/06\/grande-cascade-tendon-300x225.jpg 300w, https:\/\/www.chaletaupetitbonheur.com\/wp-content\/uploads\/2023\/06\/grande-cascade-tendon-768x576.jpg 768w, https:\/\/www.chaletaupetitbonheur.com\/wp-content\/uploads\/2023\/06\/grande-cascade-tendon-1536x1152.jpg 1536w, https:\/\/www.chaletaupetitbonheur.com\/wp-content\/uploads\/2023\/06\/grande-cascade-tendon-2048x1536.jpg 2048w, https:\/\/www.chaletaupetitbonheur.com\/wp-content\/uploads\/2023\/06\/grande-cascade-tendon-2000x1500.jpg 2000w, https:\/\/www.chaletaupetitbonheur.com\/wp-content\/uploads\/2023\/06\/grande-cascade-tendon-600x450.jpg 600w, https:\/\/www.chaletaupetitbonheur.com\/wp-content\/uploads\/2023\/06\/grande-cascade-tendon-1200x900.jpg 1200w\" sizes=\"auto, (max-width: 1024px) 100vw, 1024px\" \/><\/figure>\n<\/div><\/div>\n\n\n\n<div class=\"wp-block-group alignfull has-black-background-color has-background\"><div class=\"wp-block-group__inner-container is-layout-flow wp-block-group-is-layout-flow\">\n<h2 class=\"wp-block-heading has-text-align-center has-white-color has-text-color\"><strong>Galler<\/strong>ie<\/h2>\n\n\n\n<figure class=\"wp-block-gallery aligncenter has-nested-images columns-default is-cropped wp-block-gallery-1 is-layout-flex wp-block-gallery-is-layout-flex\">\n<figure class=\"wp-block-image size-large\"><img loading=\"lazy\" decoding=\"async\" width=\"1024\" height=\"561\" data-id=\"57\" src=\"http:\/\/www.chaletaupetitbonheur.com\/wp-content\/uploads\/2023\/05\/AuPetitBonheur1-1024x561.webp\" alt=\"\" class=\"wp-image-57\" srcset=\"https:\/\/www.chaletaupetitbonheur.com\/wp-content\/uploads\/2023\/05\/AuPetitBonheur1-1024x561.webp 1024w, https:\/\/www.chaletaupetitbonheur.com\/wp-content\/uploads\/2023\/05\/AuPetitBonheur1-300x164.webp 300w, https:\/\/www.chaletaupetitbonheur.com\/wp-content\/uploads\/2023\/05\/AuPetitBonheur1-768x421.webp 768w, https:\/\/www.chaletaupetitbonheur.com\/wp-content\/uploads\/2023\/05\/AuPetitBonheur1-600x329.webp 600w, https:\/\/www.chaletaupetitbonheur.com\/wp-content\/uploads\/2023\/05\/AuPetitBonheur1.webp 1440w\" sizes=\"auto, (max-width: 1024px) 100vw, 1024px\" \/><\/figure>\n\n\n\n<figure class=\"wp-block-image size-large\"><img loading=\"lazy\" decoding=\"async\" width=\"1024\" height=\"768\" data-id=\"58\" src=\"http:\/\/www.chaletaupetitbonheur.com\/wp-content\/uploads\/2023\/05\/AuPetitBonheur2-1024x768.webp\" alt=\"\" class=\"wp-image-58\" srcset=\"https:\/\/www.chaletaupetitbonheur.com\/wp-content\/uploads\/2023\/05\/AuPetitBonheur2-1024x768.webp 1024w, https:\/\/www.chaletaupetitbonheur.com\/wp-content\/uploads\/2023\/05\/AuPetitBonheur2-300x225.webp 300w, https:\/\/www.chaletaupetitbonheur.com\/wp-content\/uploads\/2023\/05\/AuPetitBonheur2-768x576.webp 768w, https:\/\/www.chaletaupetitbonheur.com\/wp-content\/uploads\/2023\/05\/AuPetitBonheur2-600x450.webp 600w, https:\/\/www.chaletaupetitbonheur.com\/wp-content\/uploads\/2023\/05\/AuPetitBonheur2.webp 1440w\" sizes=\"auto, (max-width: 1024px) 100vw, 1024px\" \/><\/figure>\n\n\n\n<figure class=\"wp-block-image size-large\"><img loading=\"lazy\" decoding=\"async\" width=\"1024\" height=\"768\" data-id=\"59\" src=\"http:\/\/www.chaletaupetitbonheur.com\/wp-content\/uploads\/2023\/05\/AuPetitBonheur3-1024x768.jpg\" alt=\"\" class=\"wp-image-59\" srcset=\"https:\/\/www.chaletaupetitbonheur.com\/wp-content\/uploads\/2023\/05\/AuPetitBonheur3-1024x768.jpg 1024w, https:\/\/www.chaletaupetitbonheur.com\/wp-content\/uploads\/2023\/05\/AuPetitBonheur3-300x225.jpg 300w, https:\/\/www.chaletaupetitbonheur.com\/wp-content\/uploads\/2023\/05\/AuPetitBonheur3-768x576.jpg 768w, https:\/\/www.chaletaupetitbonheur.com\/wp-content\/uploads\/2023\/05\/AuPetitBonheur3-1536x1152.jpg 1536w, https:\/\/www.chaletaupetitbonheur.com\/wp-content\/uploads\/2023\/05\/AuPetitBonheur3-600x450.jpg 600w, https:\/\/www.chaletaupetitbonheur.com\/wp-content\/uploads\/2023\/05\/AuPetitBonheur3.jpg 1600w\" sizes=\"auto, (max-width: 1024px) 100vw, 1024px\" \/><\/figure>\n\n\n\n<figure class=\"wp-block-image size-large\"><img loading=\"lazy\" decoding=\"async\" width=\"1024\" height=\"768\" data-id=\"60\" src=\"http:\/\/www.chaletaupetitbonheur.com\/wp-content\/uploads\/2023\/05\/AuPetitBonheur4-1024x768.webp\" alt=\"\" class=\"wp-image-60\" srcset=\"https:\/\/www.chaletaupetitbonheur.com\/wp-content\/uploads\/2023\/05\/AuPetitBonheur4-1024x768.webp 1024w, https:\/\/www.chaletaupetitbonheur.com\/wp-content\/uploads\/2023\/05\/AuPetitBonheur4-300x225.webp 300w, https:\/\/www.chaletaupetitbonheur.com\/wp-content\/uploads\/2023\/05\/AuPetitBonheur4-768x576.webp 768w, https:\/\/www.chaletaupetitbonheur.com\/wp-content\/uploads\/2023\/05\/AuPetitBonheur4-600x450.webp 600w, https:\/\/www.chaletaupetitbonheur.com\/wp-content\/uploads\/2023\/05\/AuPetitBonheur4.webp 1440w\" sizes=\"auto, (max-width: 1024px) 100vw, 1024px\" \/><\/figure>\n\n\n\n<figure class=\"wp-block-image size-large\"><img loading=\"lazy\" decoding=\"async\" width=\"1024\" height=\"768\" data-id=\"61\" src=\"http:\/\/www.chaletaupetitbonheur.com\/wp-content\/uploads\/2023\/05\/AuPetitBonheur5-1024x768.webp\" alt=\"\" class=\"wp-image-61\" srcset=\"https:\/\/www.chaletaupetitbonheur.com\/wp-content\/uploads\/2023\/05\/AuPetitBonheur5-1024x768.webp 1024w, https:\/\/www.chaletaupetitbonheur.com\/wp-content\/uploads\/2023\/05\/AuPetitBonheur5-300x225.webp 300w, https:\/\/www.chaletaupetitbonheur.com\/wp-content\/uploads\/2023\/05\/AuPetitBonheur5-768x576.webp 768w, https:\/\/www.chaletaupetitbonheur.com\/wp-content\/uploads\/2023\/05\/AuPetitBonheur5-600x450.webp 600w, https:\/\/www.chaletaupetitbonheur.com\/wp-content\/uploads\/2023\/05\/AuPetitBonheur5.webp 1440w\" sizes=\"auto, (max-width: 1024px) 100vw, 1024px\" \/><\/figure>\n\n\n\n<figure class=\"wp-block-image size-large\"><img loading=\"lazy\" decoding=\"async\" width=\"1024\" height=\"768\" data-id=\"62\" src=\"http:\/\/www.chaletaupetitbonheur.com\/wp-content\/uploads\/2023\/05\/AuPetitBonheur6-1024x768.jpg\" alt=\"\" class=\"wp-image-62\" srcset=\"https:\/\/www.chaletaupetitbonheur.com\/wp-content\/uploads\/2023\/05\/AuPetitBonheur6-1024x768.jpg 1024w, https:\/\/www.chaletaupetitbonheur.com\/wp-content\/uploads\/2023\/05\/AuPetitBonheur6-300x225.jpg 300w, https:\/\/www.chaletaupetitbonheur.com\/wp-content\/uploads\/2023\/05\/AuPetitBonheur6-768x576.jpg 768w, https:\/\/www.chaletaupetitbonheur.com\/wp-content\/uploads\/2023\/05\/AuPetitBonheur6-1536x1152.jpg 1536w, https:\/\/www.chaletaupetitbonheur.com\/wp-content\/uploads\/2023\/05\/AuPetitBonheur6-600x450.jpg 600w, https:\/\/www.chaletaupetitbonheur.com\/wp-content\/uploads\/2023\/05\/AuPetitBonheur6.jpg 1600w\" sizes=\"auto, (max-width: 1024px) 100vw, 1024px\" \/><\/figure>\n<\/figure>\n<\/div><\/div>\n\n\n\n<div class=\"wp-block-cover alignfull is-light has-parallax is-position-center-center\" style=\"min-height:444px;aspect-ratio:unset;\"><span aria-hidden=\"true\" class=\"wp-block-cover__background has-black-background-color has-background-dim-40 has-background-dim\"><\/span><div role=\"img\" class=\"wp-block-cover__image-background wp-image-66 has-parallax\" style=\"background-position:50% 50%;background-image:url(http:\/\/www.chaletaupetitbonheur.com\/wp-content\/uploads\/2023\/05\/AuPetitBonheur8-scaled.jpg)\"><\/div><div class=\"wp-block-cover__inner-container is-layout-flow wp-block-cover-is-layout-flow\">\n<p class=\"has-text-align-center has-text-color has-huge-font-size\" style=\"color:#fffffa;line-height:1.1\">Le calme et la s\u00e9r\u00e9nit\u00e9 vous attendent&#8230;<\/p>\n\n\n\n<p class=\"has-text-align-center\"><\/p>\n\n\n\n<div style=\"height:39px\" aria-hidden=\"true\" class=\"wp-block-spacer\"><\/div>\n\n\n\n<div class=\"wp-block-buttons is-horizontal is-content-justification-center is-layout-flex wp-container-core-buttons-is-layout-499968f5 wp-block-buttons-is-layout-flex\">\n<div class=\"wp-block-button is-style-outline is-style-outline--2\"><a class=\"wp-block-button__link has-white-color has-text-color wp-element-button\" href=\"http:\/\/www.chaletaupetitbonheur.com\/index.php\/contact\/\">ContactEZ NOUS<\/a><\/div>\n<\/div>\n<\/div><\/div>\n","protected":false},"excerpt":{"rendered":"<p>Bienvenue dans notre chalet nich\u00e9 au c\u0153ur de la for\u00eat vosgienne. Il est situ\u00e9 au \u00ab\u00a0Sapenay\u00a0\u00bb, site class\u00e9 Nature 2000.Immersion dans la nature, d\u00e9paysement et authenticit\u00e9 sont les ma\u00eetres mots.Etang \u00e0 truites priv\u00e9, id\u00e9al pour la contemplation, une partie de p\u00eache ou encore la baignade.Un ruisseau arrose les pr\u00e9s verdoyants de la vall\u00e9e puis se &hellip; <\/p>\n<p class=\"link-more\"><a href=\"https:\/\/www.chaletaupetitbonheur.com\/\" class=\"more-link\">Lire la suite de<span class=\"screen-reader-text\">\u00ab\u00a0D\u00e9couvrez ce chalet pour 6 pers en pleine nature\u00a0\u00bb<\/span><\/a><\/p>\n","protected":false},"author":1,"featured_media":6,"parent":0,"menu_order":0,"comment_status":"closed","ping_status":"closed","template":"","meta":{"footnotes":""},"class_list":["post-7","page","type-page","status-publish","has-post-thumbnail","hentry"],"featured_media_urls":{"thumbnail":["https:\/\/www.chaletaupetitbonheur.com\/wp-content\/uploads\/2023\/03\/StockSnap_M6D1GS9PSL-150x150.jpg",150,150,true],"medium":["https:\/\/www.chaletaupetitbonheur.com\/wp-content\/uploads\/2023\/03\/StockSnap_M6D1GS9PSL-300x198.jpg",300,198,true],"medium_large":["https:\/\/www.chaletaupetitbonheur.com\/wp-content\/uploads\/2023\/03\/StockSnap_M6D1GS9PSL-768x506.jpg",768,506,true],"large":["https:\/\/www.chaletaupetitbonheur.com\/wp-content\/uploads\/2023\/03\/StockSnap_M6D1GS9PSL-1024x674.jpg",950,625,true],"1536x1536":["https:\/\/www.chaletaupetitbonheur.com\/wp-content\/uploads\/2023\/03\/StockSnap_M6D1GS9PSL-1536x1011.jpg",1536,1011,true],"2048x2048":["https:\/\/www.chaletaupetitbonheur.com\/wp-content\/uploads\/2023\/03\/StockSnap_M6D1GS9PSL.jpg",2000,1317,false],"inspiro-featured-image":["https:\/\/www.chaletaupetitbonheur.com\/wp-content\/uploads\/2023\/03\/StockSnap_M6D1GS9PSL.jpg",2000,1317,false],"inspiro-loop":["https:\/\/www.chaletaupetitbonheur.com\/wp-content\/uploads\/2023\/03\/StockSnap_M6D1GS9PSL-950x320.jpg",950,320,true],"inspiro-loop@2x":["https:\/\/www.chaletaupetitbonheur.com\/wp-content\/uploads\/2023\/03\/StockSnap_M6D1GS9PSL-1900x640.jpg",1900,640,true],"portfolio_item-thumbnail":["https:\/\/www.chaletaupetitbonheur.com\/wp-content\/uploads\/2023\/03\/StockSnap_M6D1GS9PSL.jpg",600,395,false],"portfolio_item-thumbnail@2x":["https:\/\/www.chaletaupetitbonheur.com\/wp-content\/uploads\/2023\/03\/StockSnap_M6D1GS9PSL.jpg",1200,790,false],"portfolio_item-masonry":["https:\/\/www.chaletaupetitbonheur.com\/wp-content\/uploads\/2023\/03\/StockSnap_M6D1GS9PSL.jpg",600,395,false],"portfolio_item-masonry@2x":["https:\/\/www.chaletaupetitbonheur.com\/wp-content\/uploads\/2023\/03\/StockSnap_M6D1GS9PSL.jpg",1200,790,false],"portfolio_item-thumbnail_cinema":["https:\/\/www.chaletaupetitbonheur.com\/wp-content\/uploads\/2023\/03\/StockSnap_M6D1GS9PSL.jpg",509,335,false],"portfolio_item-thumbnail_portrait":["https:\/\/www.chaletaupetitbonheur.com\/wp-content\/uploads\/2023\/03\/StockSnap_M6D1GS9PSL.jpg",600,395,false],"portfolio_item-thumbnail_portrait@2x":["https:\/\/www.chaletaupetitbonheur.com\/wp-content\/uploads\/2023\/03\/StockSnap_M6D1GS9PSL.jpg",1200,790,false],"portfolio_item-thumbnail_square":["https:\/\/www.chaletaupetitbonheur.com\/wp-content\/uploads\/2023\/03\/StockSnap_M6D1GS9PSL.jpg",800,527,false]},"_links":{"self":[{"href":"https:\/\/www.chaletaupetitbonheur.com\/index.php\/wp-json\/wp\/v2\/pages\/7","targetHints":{"allow":["GET"]}}],"collection":[{"href":"https:\/\/www.chaletaupetitbonheur.com\/index.php\/wp-json\/wp\/v2\/pages"}],"about":[{"href":"https:\/\/www.chaletaupetitbonheur.com\/index.php\/wp-json\/wp\/v2\/types\/page"}],"author":[{"embeddable":true,"href":"https:\/\/www.chaletaupetitbonheur.com\/index.php\/wp-json\/wp\/v2\/users\/1"}],"replies":[{"embeddable":true,"href":"https:\/\/www.chaletaupetitbonheur.com\/index.php\/wp-json\/wp\/v2\/comments?post=7"}],"version-history":[{"count":24,"href":"https:\/\/www.chaletaupetitbonheur.com\/index.php\/wp-json\/wp\/v2\/pages\/7\/revisions"}],"predecessor-version":[{"id":155,"href":"https:\/\/www.chaletaupetitbonheur.com\/index.php\/wp-json\/wp\/v2\/pages\/7\/revisions\/155"}],"wp:featuredmedia":[{"embeddable":true,"href":"https:\/\/www.chaletaupetitbonheur.com\/index.php\/wp-json\/wp\/v2\/media\/6"}],"wp:attachment":[{"href":"https:\/\/www.chaletaupetitbonheur.com\/index.php\/wp-json\/wp\/v2\/media?parent=7"}],"curies":[{"name":"wp","href":"https:\/\/api.w.org\/{rel}","templated":true}]}}